{"id":13,"date":"2015-04-30T15:03:45","date_gmt":"2015-04-30T14:03:45","guid":{"rendered":"http:\/\/www.pyratoys.com\/?page_id=13"},"modified":"2024-01-21T15:46:10","modified_gmt":"2024-01-21T14:46:10","slug":"plan-du-site","status":"publish","type":"page","link":"https:\/\/www.pyratoys.com\/es\/plan-du-site\/","title":{"rendered":"Plano del sitio"},"content":{"rendered":"<p><\/p>\n<p>Esta p\u00e1gina presenta el plan de este sitio web. Usted puede encontrar a continuaci\u00f3n una lista de todas las p\u00e1ginas necesarias para navegar correctamente.<\/p>\n<h2>P\u00e1ginas internas<\/h2>\n\n<!-- Page-list plugin v.5.9 wordpress.org\/plugins\/page-list\/ -->\n<ul class=\"page-list \">\n<li class=\"page_item page-item-560\"><a href=\"https:\/\/www.pyratoys.com\/es\/boutique\/\">(Fran\u00e7ais) Boutique<\/a><\/li>\n<li class=\"page_item page-item-15\"><a href=\"https:\/\/www.pyratoys.com\/es\/contact\/\">Contacto<\/a><\/li>\n<li class=\"page_item page-item-11\"><a href=\"https:\/\/www.pyratoys.com\/es\/\">Domiciliaci\u00f3n comercial en el Pa\u00eds Vasco con Pyratoys Anglet Business Center<\/a><\/li>\n<li class=\"page_item page-item-84\"><a href=\"https:\/\/www.pyratoys.com\/es\/domiciliation-entreprises-pays-basque-anglet-bayonne-biarritz\/\">Domiciliaci\u00f3n* de empresas en Anglet Basque Country<\/a><\/li>\n<li class=\"page_item page-item-303\"><a href=\"https:\/\/www.pyratoys.com\/es\/domiciliation-siege-social-entreprise-pays-basque\/\">Domiciliar la sede social de su empresa en el Pa\u00eds Vasco<\/a><\/li>\n<li class=\"page_item page-item-325\"><a href=\"https:\/\/www.pyratoys.com\/es\/guide-domiciliation-entreprise-pays-basque\/\">La gu\u00eda de domiciliaci\u00f3n de empresas en el Pa\u00eds Vasco<\/a><\/li>\n<li class=\"page_item page-item-89\"><a href=\"https:\/\/www.pyratoys.com\/es\/location-de-bureaux-en-centre-d-affaires-maignon-anglet\/\">Alquiler de oficinas<\/a><\/li>\n<li class=\"page_item page-item-91\"><a href=\"https:\/\/www.pyratoys.com\/es\/location-de-salles-de-reunion\/\">Alquiler de salas de reuniones<\/a><\/li>\n<li class=\"page_item page-item-28\"><a href=\"https:\/\/www.pyratoys.com\/es\/mentions-legales\/\">Notas legales<\/a><\/li>\n<li class=\"page_item page-item-479\"><a href=\"https:\/\/www.pyratoys.com\/es\/paiment-salle-de-reunion\/\">Paiement salle de r\u00e9union<\/a><\/li>\n<li class=\"page_item page-item-13\"><a href=\"https:\/\/www.pyratoys.com\/es\/plan-du-site\/\">Plano del sitio<\/a><\/li>\n<li class=\"page_item page-item-346\"><a href=\"https:\/\/www.pyratoys.com\/es\/alerte-courrier\/\">Alerte Courrier<\/a><\/li>\n<li class=\"page_item page-item-386\"><a href=\"https:\/\/www.pyratoys.com\/es\/prelevement-automatique-domiciliation-annee-1\/\">Pr\u00e9l\u00e8vement automatique domiciliation ann\u00e9e 1<\/a><\/li>\n<li class=\"page_item page-item-388\"><a href=\"https:\/\/www.pyratoys.com\/es\/prelevement-automatique-domiciliation-plein-tarif\/\">Pr\u00e9l\u00e8vement automatique domiciliation plein tarif<\/a><\/li>\n\n<\/ul>\n<p><\/p>","protected":false},"excerpt":{"rendered":"<p>Esta p\u00e1gina presenta el plan de este sitio web. Usted puede encontrar a continuaci\u00f3n una lista de todas las p\u00e1ginas necesarias para navegar correctamente. P\u00e1ginas internas<\/p>\n","protected":false},"author":1,"featured_media":0,"parent":0,"menu_order":0,"comment_status":"closed","ping_status":"closed","template":"","meta":{"_acf_changed":false,"footnotes":""},"class_list":["post-13","page","type-page","status-publish","hentry"],"acf":[],"aioseo_notices":[],"_links":{"self":[{"href":"https:\/\/www.pyratoys.com\/es\/wp-json\/wp\/v2\/pages\/13","targetHints":{"allow":["GET"]}}],"collection":[{"href":"https:\/\/www.pyratoys.com\/es\/wp-json\/wp\/v2\/pages"}],"about":[{"href":"https:\/\/www.pyratoys.com\/es\/wp-json\/wp\/v2\/types\/page"}],"author":[{"embeddable":true,"href":"https:\/\/www.pyratoys.com\/es\/wp-json\/wp\/v2\/users\/1"}],"replies":[{"embeddable":true,"href":"https:\/\/www.pyratoys.com\/es\/wp-json\/wp\/v2\/comments?post=13"}],"version-history":[{"count":5,"href":"https:\/\/www.pyratoys.com\/es\/wp-json\/wp\/v2\/pages\/13\/revisions"}],"predecessor-version":[{"id":167,"href":"https:\/\/www.pyratoys.com\/es\/wp-json\/wp\/v2\/pages\/13\/revisions\/167"}],"wp:attachment":[{"href":"https:\/\/www.pyratoys.com\/es\/wp-json\/wp\/v2\/media?parent=13"}],"curies":[{"name":"wp","href":"https:\/\/api.w.org\/{rel}","templated":true}]}}