{"id":386,"date":"2020-11-18T10:44:58","date_gmt":"2020-11-18T09:44:58","guid":{"rendered":"https:\/\/www.pyratoys.com\/?page_id=386"},"modified":"2024-01-21T15:46:10","modified_gmt":"2024-01-21T14:46:10","slug":"prelevement-automatique-domiciliation-annee-1","status":"publish","type":"page","link":"https:\/\/www.pyratoys.com\/en\/prelevement-automatique-domiciliation-annee-1\/","title":{"rendered":"Pr\u00e9l\u00e8vement automatique domiciliation ann\u00e9e 1"},"content":{"rendered":"<p class=\"qtranxs-available-languages-message qtranxs-available-languages-message-en\">Sorry, this entry is only available in <a href=\"https:\/\/www.pyratoys.com\/fr\/wp-json\/wp\/v2\/pages\/386\" class=\"qtranxs-available-language-link qtranxs-available-language-link-fr\" title=\"Fran\u00e7ais\">Fran\u00e7ais<\/a>.<\/p>","protected":false},"excerpt":{"rendered":"<p>Sorry, this entry is only available in Fran\u00e7ais.<\/p>\n","protected":false},"author":1,"featured_media":0,"parent":0,"menu_order":0,"comment_status":"closed","ping_status":"closed","template":"","meta":{"_acf_changed":false,"footnotes":""},"class_list":["post-386","page","type-page","status-publish","hentry"],"acf":[],"aioseo_notices":[],"_links":{"self":[{"href":"https:\/\/www.pyratoys.com\/en\/wp-json\/wp\/v2\/pages\/386","targetHints":{"allow":["GET"]}}],"collection":[{"href":"https:\/\/www.pyratoys.com\/en\/wp-json\/wp\/v2\/pages"}],"about":[{"href":"https:\/\/www.pyratoys.com\/en\/wp-json\/wp\/v2\/types\/page"}],"author":[{"embeddable":true,"href":"https:\/\/www.pyratoys.com\/en\/wp-json\/wp\/v2\/users\/1"}],"replies":[{"embeddable":true,"href":"https:\/\/www.pyratoys.com\/en\/wp-json\/wp\/v2\/comments?post=386"}],"version-history":[{"count":10,"href":"https:\/\/www.pyratoys.com\/en\/wp-json\/wp\/v2\/pages\/386\/revisions"}],"predecessor-version":[{"id":613,"href":"https:\/\/www.pyratoys.com\/en\/wp-json\/wp\/v2\/pages\/386\/revisions\/613"}],"wp:attachment":[{"href":"https:\/\/www.pyratoys.com\/en\/wp-json\/wp\/v2\/media?parent=386"}],"curies":[{"name":"wp","href":"https:\/\/api.w.org\/{rel}","templated":true}]}}